{"id":60,"date":"2025-03-11T18:50:51","date_gmt":"2025-03-11T18:50:51","guid":{"rendered":"https:\/\/www.barcelonaessentialspass.com\/?page_id=60"},"modified":"2025-04-02T11:46:50","modified_gmt":"2025-04-02T11:46:50","slug":"shop","status":"publish","type":"page","link":"https:\/\/www.barcelonaessentialspass.com\/pt\/shop\/","title":{"rendered":"Comprar BCN Essentials Pass"},"content":{"rendered":"<div class=\"wp-block-columns is-layout-flex wp-container-core-columns-is-layout-9d6595d7 wp-block-columns-is-layout-flex\">\n<div class=\"wp-block-column is-layout-flow wp-block-column-is-layout-flow\" style=\"flex-basis:33.33%\">\n<div data-tiqets-widget=\"availability\" data-layout=\"full\" data-orientation=\"vertical\" data-product-id=\"1048388\" data-partner=\"bcnessentials\"><\/div>\n<\/div>\n\n\n\n<div class=\"wp-block-column is-layout-flow wp-block-column-is-layout-flow\" style=\"flex-basis:66.66%\">\n<p>O Barcelona Essentials Pass \u00e9 um produto exclusivo da Tiqets.com. A compra \u00e9, portanto, processada atrav\u00e9s da Tiqets.<\/p>\n\n\n\n<p>Por favor, forne\u00e7a as seguintes informa\u00e7\u00f5es aquando da compra: <\/p>\n\n\n<style>.wp-block-kadence-iconlist.kt-svg-icon-list-items60_4e5625-a8:not(.this-stops-third-party-issues){margin-top:0px;margin-bottom:0px;}.wp-block-kadence-iconlist.kt-svg-icon-list-items60_4e5625-a8 ul.kt-svg-icon-list:not(.this-prevents-issues):not(.this-stops-third-party-issues):not(.tijsloc){margin-top:0px;margin-right:0px;margin-bottom:var(--global-kb-spacing-md, 2rem);margin-left:0px;}.wp-block-kadence-iconlist.kt-svg-icon-list-items60_4e5625-a8 ul.kt-svg-icon-list{grid-row-gap:5px;}.wp-block-kadence-iconlist.kt-svg-icon-list-items60_4e5625-a8 .kb-svg-icon-wrap{font-size:20px;color:#a50044;}.wp-block-kadence-iconlist.kt-svg-icon-list-items60_4e5625-a8 ul.kt-svg-icon-list .kt-svg-icon-list-item-wrap .kt-svg-icon-list-single{margin-right:10px;}.kt-svg-icon-list-items60_4e5625-a8 ul.kt-svg-icon-list .kt-svg-icon-list-level-0 .kt-svg-icon-list-single svg{font-size:20px;}<\/style>\n<div class=\"wp-block-kadence-iconlist kt-svg-icon-list-items kt-svg-icon-list-items60_4e5625-a8 kt-svg-icon-list-columns-1 alignnone\"><ul class=\"kt-svg-icon-list\"><style>.kt-svg-icon-list-item-60_bfdf1c-89 .kt-svg-icon-list-text mark.kt-highlight{background-color:unset;font-style:normal;color:#f76a0c;-webkit-box-decoration-break:clone;box-decoration-break:clone;padding-top:0px;padding-right:0px;padding-bottom:0px;padding-left:0px;}<\/style>\n<li class=\"wp-block-kadence-listitem kt-svg-icon-list-item-wrap kt-svg-icon-list-item-60_bfdf1c-89\"><span class=\"kb-svg-icon-wrap kb-svg-icon-fe_checkCircle kt-svg-icon-list-single\"><svg viewbox=\"0 0 24 24\"  fill=\"none\" stroke=\"currentColor\" stroke-width=\"2\" stroke-linecap=\"round\" stroke-linejoin=\"round\" xmlns=\"http:\/\/www.w3.org\/2000\/svg\"  aria-hidden=\"true\"><path d=\"M22 11.08V12a10 10 0 1 1-5.93-9.14\"\/><polyline points=\"22 4 12 14.01 9 11.01\"\/><\/svg><\/span><span class=\"kt-svg-icon-list-text\">Data de chegada<\/span><\/li>\n\n\n<style>.kt-svg-icon-list-item-60_4e1219-a4 .kt-svg-icon-list-text mark.kt-highlight{background-color:unset;font-style:normal;color:#f76a0c;-webkit-box-decoration-break:clone;box-decoration-break:clone;padding-top:0px;padding-right:0px;padding-bottom:0px;padding-left:0px;}<\/style>\n<li class=\"wp-block-kadence-listitem kt-svg-icon-list-item-wrap kt-svg-icon-list-item-60_4e1219-a4\"><span class=\"kb-svg-icon-wrap kb-svg-icon-fe_checkCircle kt-svg-icon-list-single\"><svg viewbox=\"0 0 24 24\"  fill=\"none\" stroke=\"currentColor\" stroke-width=\"2\" stroke-linecap=\"round\" stroke-linejoin=\"round\" xmlns=\"http:\/\/www.w3.org\/2000\/svg\"  aria-hidden=\"true\"><path d=\"M22 11.08V12a10 10 0 1 1-5.93-9.14\"\/><polyline points=\"22 4 12 14.01 9 11.01\"\/><\/svg><\/span><span class=\"kt-svg-icon-list-text\">N\u00famero de pessoas<\/span><\/li>\n\n\n<style>.kt-svg-icon-list-item-60_ac58c3-b8 .kt-svg-icon-list-text mark.kt-highlight{background-color:unset;font-style:normal;color:#f76a0c;-webkit-box-decoration-break:clone;box-decoration-break:clone;padding-top:0px;padding-right:0px;padding-bottom:0px;padding-left:0px;}<\/style>\n<li class=\"wp-block-kadence-listitem kt-svg-icon-list-item-wrap kt-svg-icon-list-item-60_ac58c3-b8\"><span class=\"kb-svg-icon-wrap kb-svg-icon-fe_checkCircle kt-svg-icon-list-single\"><svg viewbox=\"0 0 24 24\"  fill=\"none\" stroke=\"currentColor\" stroke-width=\"2\" stroke-linecap=\"round\" stroke-linejoin=\"round\" xmlns=\"http:\/\/www.w3.org\/2000\/svg\"  aria-hidden=\"true\"><path d=\"M22 11.08V12a10 10 0 1 1-5.93-9.14\"\/><polyline points=\"22 4 12 14.01 9 11.01\"\/><\/svg><\/span><span class=\"kt-svg-icon-list-text\">Data para a Sagrada Fam\u00edlia<\/span><\/li>\n\n\n<style>.kt-svg-icon-list-item-60_755639-25 .kt-svg-icon-list-text mark.kt-highlight{background-color:unset;font-style:normal;color:#f76a0c;-webkit-box-decoration-break:clone;box-decoration-break:clone;padding-top:0px;padding-right:0px;padding-bottom:0px;padding-left:0px;}<\/style>\n<li class=\"wp-block-kadence-listitem kt-svg-icon-list-item-wrap kt-svg-icon-list-item-60_755639-25\"><span class=\"kb-svg-icon-wrap kb-svg-icon-fe_checkCircle kt-svg-icon-list-single\"><svg viewbox=\"0 0 24 24\"  fill=\"none\" stroke=\"currentColor\" stroke-width=\"2\" stroke-linecap=\"round\" stroke-linejoin=\"round\" xmlns=\"http:\/\/www.w3.org\/2000\/svg\"  aria-hidden=\"true\"><path d=\"M22 11.08V12a10 10 0 1 1-5.93-9.14\"\/><polyline points=\"22 4 12 14.01 9 11.01\"\/><\/svg><\/span><span class=\"kt-svg-icon-list-text\">Data para o Parque G\u00fcell<\/span><\/li>\n<\/ul><\/div>\n\n\n\n<p><strong>Pode reservar bilhetes para um m\u00e1ximo de 10 viajantes.<\/strong> Ap\u00f3s a compra, receber\u00e1 por correio eletr\u00f3nico todos os bilhetes e um c\u00f3digo de desconto no valor de 10%.<\/p>\n\n\n\n<p>Os bilhetes para crian\u00e7as, jovens e pessoas at\u00e9 aos 29 anos t\u00eam desconto. O pre\u00e7o depende da idade do viajante.<\/p>\n\n\n\n<p>Se tiver alguma d\u00favida sobre a sua reserva, contacte o servi\u00e7o de apoio ao cliente da Tiqets: customerservice@tiqets.com.<\/p>\n\n\n<p><strong>Classifica\u00e7\u00e3o dos clientes:<\/strong> 4,5 (1884 Reviews)<br \/>\n<strong>Pre\u00e7o:<\/strong> a partir de 87,00 EUR<\/p>\n\n\n<style>.wp-block-kadence-advancedbtn.kt-btns60_63be7d-f7, .site .entry-content .wp-block-kadence-advancedbtn.kt-btns60_63be7d-f7, .wp-block-kadence-advancedbtn.kb-btns60_63be7d-f7, .site .entry-content .wp-block-kadence-advancedbtn.kb-btns60_63be7d-f7{margin-bottom:var(--global-kb-spacing-md, 2rem);}.wp-block-kadence-advancedbtn.kb-btns60_63be7d-f7{gap:var(--global-kb-gap-xs, 0.5rem );justify-content:flex-start;align-items:center;}.kt-btns60_63be7d-f7 .kt-button{font-weight:normal;font-style:normal;}.kt-btns60_63be7d-f7 .kt-btn-wrap-0{margin-right:5px;}.wp-block-kadence-advancedbtn.kt-btns60_63be7d-f7 .kt-btn-wrap-0 .kt-button{color:#555555;border-color:#555555;}.wp-block-kadence-advancedbtn.kt-btns60_63be7d-f7 .kt-btn-wrap-0 .kt-button:hover, .wp-block-kadence-advancedbtn.kt-btns60_63be7d-f7 .kt-btn-wrap-0 .kt-button:focus{color:#ffffff;border-color:#444444;}.wp-block-kadence-advancedbtn.kt-btns60_63be7d-f7 .kt-btn-wrap-0 .kt-button::before{display:none;}.wp-block-kadence-advancedbtn.kt-btns60_63be7d-f7 .kt-btn-wrap-0 .kt-button:hover, .wp-block-kadence-advancedbtn.kt-btns60_63be7d-f7 .kt-btn-wrap-0 .kt-button:focus{background:#444444;}<\/style>\n<div class=\"wp-block-kadence-advancedbtn kb-buttons-wrap kb-btns60_63be7d-f7\"><style>ul.menu .wp-block-kadence-advancedbtn .kb-btn60_f07015-97.kb-button{width:initial;}.wp-block-kadence-advancedbtn .kb-btn60_f07015-97.kb-button{color:var(--base-3);background:#a50044;box-shadow:2px 2px 2px 2px var(--contrast-3);}.wp-block-kadence-advancedbtn .kb-btn60_f07015-97.kb-button:hover, .wp-block-kadence-advancedbtn .kb-btn60_f07015-97.kb-button:focus{color:var(--base-3);background:#a50044;}@media all and (max-width: 767px){.wp-block-kadence-advancedbtn .kb-btn60_f07015-97.kb-button{font-size:var(--global-kb-font-size-md, 1.25rem);}}<\/style><a class=\"kb-button kt-button button kb-btn60_f07015-97 kt-btn-size-large kt-btn-width-type-auto kb-btn-global-fill  kt-btn-has-text-true kt-btn-has-svg-true  wp-block-kadence-singlebtn\" href=\"https:\/\/www.tiqets.com\/pt\/atracoes-barcelona-c66342\/bilhetes-para-barcelona-essentials-pass-acesso-aos-transportes-p1048388\/?partner=bcnessentials\" target=\"_blank\" rel=\"noreferrer noopener nofollow sponsored\"><span class=\"kb-svg-icon-wrap kb-svg-icon-fe_externalLink kt-btn-icon-side-left\"><svg viewbox=\"0 0 24 24\"  fill=\"none\" stroke=\"currentColor\" stroke-width=\"2\" stroke-linecap=\"round\" stroke-linejoin=\"round\" xmlns=\"http:\/\/www.w3.org\/2000\/svg\"  aria-hidden=\"true\"><path d=\"M18 13v6a2 2 0 0 1-2 2H5a2 2 0 0 1-2-2V8a2 2 0 0 1 2-2h6\"\/><polyline points=\"15 3 21 3 21 9\"\/><line x1=\"10\" y1=\"14\" x2=\"21\" y2=\"3\"\/><\/svg><\/span><span class=\"kt-btn-inner-text\">Comprar o Essentials Pass<\/span><\/a><\/div>\n<\/div>\n<\/div>","protected":false},"excerpt":{"rendered":"<p>O Barcelona Essentials Pass \u00e9 um produto exclusivo da Tiqets.com. A compra \u00e9, portanto, processada atrav\u00e9s da Tiqets. Por favor, introduza os seguintes dados aquando da compra: Pode reservar bilhetes para um m\u00e1ximo de 10 viajantes. Ap\u00f3s a compra, receber\u00e1 por correio eletr\u00f3nico todos os bilhetes e um c\u00f3digo de desconto no valor de 10%. Bilhetes para crian\u00e7as, jovens e pessoas ... <a title=\"Comprar BCN Essentials Pass\" class=\"read-more\" href=\"https:\/\/www.barcelonaessentialspass.com\/pt\/shop\/\" aria-label=\"Leia mais sobre BCN Essentials Pass kaufen\">Ler mais<\/a><\/p>","protected":false},"author":1,"featured_media":0,"parent":0,"menu_order":0,"comment_status":"closed","ping_status":"closed","template":"","meta":{"footnotes":""},"class_list":["post-60","page","type-page","status-publish"],"aioseo_notices":[],"_links":{"self":[{"href":"https:\/\/www.barcelonaessentialspass.com\/pt\/wp-json\/wp\/v2\/pages\/60","targetHints":{"allow":["GET"]}}],"collection":[{"href":"https:\/\/www.barcelonaessentialspass.com\/pt\/wp-json\/wp\/v2\/pages"}],"about":[{"href":"https:\/\/www.barcelonaessentialspass.com\/pt\/wp-json\/wp\/v2\/types\/page"}],"author":[{"embeddable":true,"href":"https:\/\/www.barcelonaessentialspass.com\/pt\/wp-json\/wp\/v2\/users\/1"}],"replies":[{"embeddable":true,"href":"https:\/\/www.barcelonaessentialspass.com\/pt\/wp-json\/wp\/v2\/comments?post=60"}],"version-history":[{"count":5,"href":"https:\/\/www.barcelonaessentialspass.com\/pt\/wp-json\/wp\/v2\/pages\/60\/revisions"}],"predecessor-version":[{"id":146,"href":"https:\/\/www.barcelonaessentialspass.com\/pt\/wp-json\/wp\/v2\/pages\/60\/revisions\/146"}],"wp:attachment":[{"href":"https:\/\/www.barcelonaessentialspass.com\/pt\/wp-json\/wp\/v2\/media?parent=60"}],"curies":[{"name":"wp","href":"https:\/\/api.w.org\/{rel}","templated":true}]}}